{"id":84,"date":"2018-12-24T13:55:20","date_gmt":"2018-12-24T12:55:20","guid":{"rendered":"http:\/\/cfs72.fr\/?page_id=84"},"modified":"2020-09-20T12:10:11","modified_gmt":"2020-09-20T10:10:11","slug":"les-plus-du-cfs72","status":"publish","type":"page","link":"http:\/\/cfs72.fr\/index.php\/les-plus-du-cfs72\/","title":{"rendered":"Les plus du CFS72"},"content":{"rendered":"<div id=\"pl-84\"  class=\"panel-layout\" >\n<div id=\"pg-84-0\"  class=\"panel-grid panel-no-style\"  data-ratio=\"1\"  data-ratio-direction=\"right\" >\n<div id=\"pgc-84-0-0\"  class=\"panel-grid-cell\"  data-weight=\"1\" >\n<div id=\"panel-84-0-0-0\" class=\"so-panel widget widget_text panel-first-child panel-last-child\" data-index=\"0\" data-style=\"{&quot;widget_css&quot;:&quot;text-align: center;\\nfont-size: x-large;&quot;,&quot;mobile_css&quot;:&quot;text-align: center;\\nfont-size: x-large;&quot;,&quot;background_image_attachment&quot;:false,&quot;background_display&quot;:&quot;tile&quot;}\" >\n<div class=\"panel-widget-style panel-widget-style-for-84-0-0-0\" >\n<div class=\"textwidget\">\n<p><strong>Les plus du CFS72<\/strong><\/p>\n<\/div><\/div>\n<\/div>\n<\/div>\n<\/div>\n<div id=\"pg-84-1\"  class=\"panel-grid panel-no-style\" >\n<div id=\"pgc-84-1-0\"  class=\"panel-grid-cell\"  data-weight=\"1\" >\n<div id=\"panel-84-1-0-0\" class=\"so-panel widget widget_sow-editor panel-first-child panel-last-child\" data-index=\"1\" data-style=\"{&quot;widget_css&quot;:&quot;text-align: justify;\\n&quot;,&quot;mobile_css&quot;:&quot;text-align: justify;\\n&quot;,&quot;background_image_attachment&quot;:false,&quot;background_display&quot;:&quot;tile&quot;}\" >\n<div class=\"panel-widget-style panel-widget-style-for-84-1-0-0\" >\n<div class=\"so-widget-sow-editor so-widget-sow-editor-base\">\n<div class=\"siteorigin-widget-tinymce textwidget\">\n<p><img loading=\"lazy\" decoding=\"async\" class=\" wp-image-132 aligncenter\" src=\"http:\/\/cfs72.fr\/wp-content\/uploads\/2018\/12\/42711634_1884892558262491_6669203557708726272_n-1-225x300.jpg\" alt=\"\" width=\"255\" height=\"340\" srcset=\"http:\/\/cfs72.fr\/wp-content\/uploads\/2018\/12\/42711634_1884892558262491_6669203557708726272_n-1-225x300.jpg 225w, http:\/\/cfs72.fr\/wp-content\/uploads\/2018\/12\/42711634_1884892558262491_6669203557708726272_n-1.jpg 720w\" sizes=\"auto, (max-width: 255px) 100vw, 255px\" \/><\/p>\n<h4>Le CFS 72 a fait le choix de maintenir une activit\u00e9 associative totalement b\u00e9n\u00e9vole. Les Secouristes et logisticiens que vous retrouvez sur nos dispositifs de secours sont donc exclusivement pr\u00e9sents sur leur temps libre, par passion. Ils sont soit \u00ab\u00a0du m\u00e9tier\u00a0\u00bb de par leur activit\u00e9 professionnelle (pompiers, infirmiers, ambulanciers\u2026), soit issus de milieux divers (professeurs, ouvriers, informaticiens\u2026). Ils ont n\u00e9anmoins des obligations l\u00e9gales de formations, initiales et continues.<\/h4>\n<\/div>\n<\/div>\n<\/div>\n<\/div>\n<\/div>\n<\/div>\n<\/div>\n<style type=\"text\/css\" class=\"panels-style\" data-panels-style-for-post=\"84\">@import url(http:\/\/cfs72.fr\/wp-content\/plugins\/siteorigin-panels\/css\/front-legacy.css); #pgc-84-0-0 , #pgc-84-1-0 { width:100% } #pg-84-0 , #pl-84 .so-panel { margin-bottom:35px } #pg-84-0 , #pg-84-1 { margin-left:-15px;margin-right:-15px } #pg-84-0 > .panel-grid-cell , #pg-84-0 > .panel-row-style > .panel-grid-cell , #pg-84-1 > .panel-grid-cell , #pg-84-1 > .panel-row-style > .panel-grid-cell { padding-left:15px;padding-right:15px } #pl-84 .so-panel:last-child { margin-bottom:0px } #panel-84-0-0-0> .panel-widget-style { text-align:center;font-size:x-large } #panel-84-1-0-0> .panel-widget-style { text-align:justify } @media (max-width:780px){ #pl-84 .panel-grid-cell { float:none;width:auto } #pl-84 .panel-grid { margin-left:0;margin-right:0 } #pl-84 .panel-grid-cell { padding:0 } #pl-84 .panel-grid .panel-grid-cell-empty { display:none } #pl-84 .panel-grid .panel-grid-cell-mobile-last , #pg-84-0 > .panel-grid-cell , #pg-84-0 > .panel-row-style > .panel-grid-cell:last-child , #pg-84-1 > .panel-grid-cell , #pg-84-1 > .panel-row-style > .panel-grid-cell:last-child { margin-bottom:0px } #pg-84-0 > .panel-grid-cell , #pg-84-0 > .panel-row-style > .panel-grid-cell , #pg-84-1 > .panel-grid-cell , #pg-84-1 > .panel-row-style > .panel-grid-cell { margin-bottom:35px } #panel-84-0-0-0> .panel-widget-style { text-align:center;font-size:x-large } #panel-84-1-0-0> .panel-widget-style { text-align:justify }  } <\/style>\n","protected":false},"excerpt":{"rendered":"<p>Les plus du CFS72 Le CFS 72 a fait le choix de maintenir une activit\u00e9 associative totalement b\u00e9n\u00e9vole. Les Secouristes et logisticiens que vous retrouvez sur nos dispositifs de secours sont donc exclusivement pr\u00e9sents sur leur temps libre, par [&hellip;]<\/p>\n","protected":false},"author":2,"featured_media":0,"parent":0,"menu_order":0,"comment_status":"closed","ping_status":"closed","template":"","meta":{"footnotes":""},"class_list":["post-84","page","type-page","status-publish","hentry","post"],"_links":{"self":[{"href":"http:\/\/cfs72.fr\/index.php\/wp-json\/wp\/v2\/pages\/84","targetHints":{"allow":["GET"]}}],"collection":[{"href":"http:\/\/cfs72.fr\/index.php\/wp-json\/wp\/v2\/pages"}],"about":[{"href":"http:\/\/cfs72.fr\/index.php\/wp-json\/wp\/v2\/types\/page"}],"author":[{"embeddable":true,"href":"http:\/\/cfs72.fr\/index.php\/wp-json\/wp\/v2\/users\/2"}],"replies":[{"embeddable":true,"href":"http:\/\/cfs72.fr\/index.php\/wp-json\/wp\/v2\/comments?post=84"}],"version-history":[{"count":4,"href":"http:\/\/cfs72.fr\/index.php\/wp-json\/wp\/v2\/pages\/84\/revisions"}],"predecessor-version":[{"id":452,"href":"http:\/\/cfs72.fr\/index.php\/wp-json\/wp\/v2\/pages\/84\/revisions\/452"}],"wp:attachment":[{"href":"http:\/\/cfs72.fr\/index.php\/wp-json\/wp\/v2\/media?parent=84"}],"curies":[{"name":"wp","href":"https:\/\/api.w.org\/{rel}","templated":true}]}}