{"id":42,"date":"2018-12-24T13:52:25","date_gmt":"2018-12-24T12:52:25","guid":{"rendered":"http:\/\/cfs72.fr\/?page_id=42"},"modified":"2020-09-20T12:06:38","modified_gmt":"2020-09-20T10:06:38","slug":"dispositif-de-secours","status":"publish","type":"page","link":"https:\/\/cfs72.fr\/index.php\/dispositif-de-secours\/","title":{"rendered":"Dispositif de secours"},"content":{"rendered":"<div id=\"pl-42\"  class=\"panel-layout\" >\n<div id=\"pg-42-0\"  class=\"panel-grid panel-no-style\"  data-ratio=\"1\"  data-ratio-direction=\"right\" >\n<div id=\"pgc-42-0-0\"  class=\"panel-grid-cell\"  data-weight=\"1\" >\n<div id=\"panel-42-0-0-0\" class=\"so-panel widget widget_text panel-first-child panel-last-child\" data-index=\"0\" data-style=\"{&quot;widget_css&quot;:&quot;text-align: center;\\nfont-size: x-large;&quot;,&quot;mobile_css&quot;:&quot;text-align: center;\\nfont-size: x-large;&quot;,&quot;background_image_attachment&quot;:false,&quot;background_display&quot;:&quot;tile&quot;}\" >\n<div class=\"panel-widget-style panel-widget-style-for-42-0-0-0\" >\n<div class=\"textwidget\">\n<p><strong>Dispositif de secours<\/strong><\/p>\n<\/div><\/div>\n<\/div>\n<\/div>\n<\/div>\n<div id=\"pg-42-1\"  class=\"panel-grid panel-no-style\" >\n<div id=\"pgc-42-1-0\"  class=\"panel-grid-cell\"  data-weight=\"1\" >\n<div id=\"panel-42-1-0-0\" class=\"so-panel widget widget_sow-editor panel-first-child panel-last-child\" data-index=\"1\" data-style=\"{&quot;background_image_attachment&quot;:false,&quot;background_display&quot;:&quot;tile&quot;}\" >\n<div class=\"so-widget-sow-editor so-widget-sow-editor-base\">\n<div class=\"siteorigin-widget-tinymce textwidget\">\n<p><img loading=\"lazy\" decoding=\"async\" class=\"alignnone size-medium wp-image-206 aligncenter\" src=\"http:\/\/cfs72.fr\/wp-content\/uploads\/2019\/01\/securite-civile-1-300x128.png\" alt=\"\" width=\"300\" height=\"128\" srcset=\"https:\/\/cfs72.fr\/wp-content\/uploads\/2019\/01\/securite-civile-1-300x128.png 300w, https:\/\/cfs72.fr\/wp-content\/uploads\/2019\/01\/securite-civile-1.png 705w\" sizes=\"auto, (max-width: 300px) 100vw, 300px\" \/><\/p>\n<h4>Nos \u00e9quipes form\u00e9es et entra\u00een\u00e9es ont pour mission de \u00ab\u00a0porter secours\u00a0\u00bb lors de dispositifs pr\u00e9visionnels de secours (DPS).<\/h4>\n<h4>Au regard de leurs entra\u00eenements r\u00e9guliers et de leur coh\u00e9sion d&rsquo;\u00e9quipe, les secouristes du Centre Fran\u00e7ais de Secourisme ont acquis des comp\u00e9tences leur permettant de s&rsquo;adapter \u00e0 toutes les situations d&rsquo;urgence qu&rsquo;ils peuvent rencontrer.<\/h4>\n<\/div>\n<\/div>\n<\/div>\n<\/div>\n<\/div>\n<\/div>\n<style type=\"text\/css\" class=\"panels-style\" data-panels-style-for-post=\"42\">@import url(http:\/\/cfs72.fr\/wp-content\/plugins\/siteorigin-panels\/css\/front-legacy.css); #pgc-42-0-0 , #pgc-42-1-0 { width:100% } #pg-42-0 , #pl-42 .so-panel { margin-bottom:35px } #pg-42-0 , #pg-42-1 { margin-left:-15px;margin-right:-15px } #pg-42-0 > .panel-grid-cell , #pg-42-0 > .panel-row-style > .panel-grid-cell , #pg-42-1 > .panel-grid-cell , #pg-42-1 > .panel-row-style > .panel-grid-cell { padding-left:15px;padding-right:15px } #pl-42 .so-panel:last-child { margin-bottom:0px } #panel-42-0-0-0> .panel-widget-style { text-align:center;font-size:x-large } @media (max-width:780px){ #pl-42 .panel-grid-cell { float:none;width:auto } #pl-42 .panel-grid { margin-left:0;margin-right:0 } #pl-42 .panel-grid-cell { padding:0 } #pl-42 .panel-grid .panel-grid-cell-empty { display:none } #pl-42 .panel-grid .panel-grid-cell-mobile-last , #pg-42-0 > .panel-grid-cell , #pg-42-0 > .panel-row-style > .panel-grid-cell:last-child , #pg-42-1 > .panel-grid-cell , #pg-42-1 > .panel-row-style > .panel-grid-cell:last-child { margin-bottom:0px } #pg-42-0 > .panel-grid-cell , #pg-42-0 > .panel-row-style > .panel-grid-cell , #pg-42-1 > .panel-grid-cell , #pg-42-1 > .panel-row-style > .panel-grid-cell { margin-bottom:35px } #panel-42-0-0-0> .panel-widget-style { text-align:center;font-size:x-large }  } <\/style>\n","protected":false},"excerpt":{"rendered":"<p>Dispositif de secours Nos \u00e9quipes form\u00e9es et entra\u00een\u00e9es ont pour mission de \u00ab\u00a0porter secours\u00a0\u00bb lors de dispositifs pr\u00e9visionnels de secours (DPS). Au regard de leurs entra\u00eenements r\u00e9guliers et de leur coh\u00e9sion d&rsquo;\u00e9quipe, les secouristes du Centre Fran\u00e7ais de Secourisme [&hellip;]<\/p>\n","protected":false},"author":2,"featured_media":0,"parent":0,"menu_order":0,"comment_status":"closed","ping_status":"closed","template":"","meta":{"footnotes":""},"class_list":["post-42","page","type-page","status-publish","hentry","post"],"_links":{"self":[{"href":"https:\/\/cfs72.fr\/index.php\/wp-json\/wp\/v2\/pages\/42","targetHints":{"allow":["GET"]}}],"collection":[{"href":"https:\/\/cfs72.fr\/index.php\/wp-json\/wp\/v2\/pages"}],"about":[{"href":"https:\/\/cfs72.fr\/index.php\/wp-json\/wp\/v2\/types\/page"}],"author":[{"embeddable":true,"href":"https:\/\/cfs72.fr\/index.php\/wp-json\/wp\/v2\/users\/2"}],"replies":[{"embeddable":true,"href":"https:\/\/cfs72.fr\/index.php\/wp-json\/wp\/v2\/comments?post=42"}],"version-history":[{"count":5,"href":"https:\/\/cfs72.fr\/index.php\/wp-json\/wp\/v2\/pages\/42\/revisions"}],"predecessor-version":[{"id":450,"href":"https:\/\/cfs72.fr\/index.php\/wp-json\/wp\/v2\/pages\/42\/revisions\/450"}],"wp:attachment":[{"href":"https:\/\/cfs72.fr\/index.php\/wp-json\/wp\/v2\/media?parent=42"}],"curies":[{"name":"wp","href":"https:\/\/api.w.org\/{rel}","templated":true}]}}