{"id":76,"date":"2018-12-24T13:51:53","date_gmt":"2018-12-24T12:51:53","guid":{"rendered":"http:\/\/cfs72.fr\/?page_id=76"},"modified":"2020-09-20T11:52:48","modified_gmt":"2020-09-20T09:52:48","slug":"commission-pedagogique","status":"publish","type":"page","link":"https:\/\/cfs72.fr\/index.php\/commission-pedagogique\/","title":{"rendered":"Commission P\u00e9dagogique"},"content":{"rendered":"<div id=\"pl-76\"  class=\"panel-layout\" >\n<div id=\"pg-76-0\"  class=\"panel-grid panel-no-style\"  data-style=\"{&quot;background_image_attachment&quot;:false,&quot;background_display&quot;:&quot;tile&quot;}\"  data-ratio=\"1\"  data-ratio-direction=\"right\" >\n<div id=\"pgc-76-0-0\"  class=\"panel-grid-cell\"  data-weight=\"1\" >\n<div id=\"panel-76-0-0-0\" class=\"so-panel widget widget_text panel-first-child panel-last-child\" data-index=\"0\" data-style=\"{&quot;widget_css&quot;:&quot;text-align: center;\\nfont-size: x-large;&quot;,&quot;background_image_attachment&quot;:false,&quot;background_display&quot;:&quot;tile&quot;}\" >\n<div class=\"panel-widget-style panel-widget-style-for-76-0-0-0\" >\n<div class=\"textwidget\">\n<p><strong>Commission P\u00e9dagogique<\/strong><\/p>\n<\/div><\/div>\n<\/div>\n<\/div>\n<\/div>\n<div id=\"pg-76-1\"  class=\"panel-grid panel-no-style\" >\n<div id=\"pgc-76-1-0\"  class=\"panel-grid-cell\"  data-weight=\"1\" >\n<div id=\"panel-76-1-0-0\" class=\"so-panel widget widget_sow-editor panel-first-child panel-last-child\" data-index=\"1\" data-style=\"{&quot;widget_css&quot;:&quot;text-align: justify;\\n&quot;,&quot;mobile_css&quot;:&quot;text-align: justify;\\n&quot;,&quot;background_image_attachment&quot;:false,&quot;background_display&quot;:&quot;tile&quot;}\" >\n<div class=\"panel-widget-style panel-widget-style-for-76-1-0-0\" >\n<div class=\"so-widget-sow-editor so-widget-sow-editor-base\">\n<div class=\"siteorigin-widget-tinymce textwidget\">\n<h4>La commission p\u00e9dagogique a \u00e9t\u00e9 cr\u00e9\u00e9e le 17 mars 2018. Elle est compos\u00e9e de l&rsquo;ensemble des formateurs de l&rsquo;association, du pr\u00e9sident C.F.S. 72 ou de son repr\u00e9sentant et du m\u00e9decin r\u00e9f\u00e9rent. Elle a pour mission : gestion et suivi des dossiers de formation des adh\u00e9rents, organisation et gestion administrative des formations au sein de l&rsquo;association, gestion et entretien du mat\u00e9riel p\u00e9dagogique, veille r\u00e9glementaire, \u00e9tablissement du planning et des exercices, r\u00f4le de conseil et d&rsquo;appui aupr\u00e8s du Conseil d&rsquo;Administration.<br \/>\n<\/h4>\n<\/div>\n<\/div>\n<\/div>\n<\/div>\n<\/div>\n<\/div>\n<\/div>\n<style type=\"text\/css\" class=\"panels-style\" data-panels-style-for-post=\"76\">@import url(http:\/\/cfs72.fr\/wp-content\/plugins\/siteorigin-panels\/css\/front-legacy.css); #pgc-76-0-0 , #pgc-76-1-0 { width:100% } #pg-76-0 , #pl-76 .so-panel { margin-bottom:35px } #pg-76-0 , #pg-76-1 { margin-left:-15px;margin-right:-15px } #pg-76-0 > .panel-grid-cell , #pg-76-0 > .panel-row-style > .panel-grid-cell , #pg-76-1 > .panel-grid-cell , #pg-76-1 > .panel-row-style > .panel-grid-cell { padding-left:15px;padding-right:15px } #pl-76 .so-panel:last-child { margin-bottom:0px } #panel-76-0-0-0> .panel-widget-style { text-align:center;font-size:x-large } #panel-76-1-0-0> .panel-widget-style { text-align:justify } @media (max-width:780px){ #pl-76 .panel-grid-cell { float:none;width:auto } #pl-76 .panel-grid { margin-left:0;margin-right:0 } #pl-76 .panel-grid-cell { padding:0 } #pl-76 .panel-grid .panel-grid-cell-empty { display:none } #pl-76 .panel-grid .panel-grid-cell-mobile-last , #pg-76-0 > .panel-grid-cell , #pg-76-0 > .panel-row-style > .panel-grid-cell:last-child , #pg-76-1 > .panel-grid-cell , #pg-76-1 > .panel-row-style > .panel-grid-cell:last-child { margin-bottom:0px } #pg-76-0 > .panel-grid-cell , #pg-76-0 > .panel-row-style > .panel-grid-cell , #pg-76-1 > .panel-grid-cell , #pg-76-1 > .panel-row-style > .panel-grid-cell { margin-bottom:35px } #panel-76-1-0-0> .panel-widget-style { text-align:justify }  } <\/style>\n","protected":false},"excerpt":{"rendered":"<p>Commission P\u00e9dagogique La commission p\u00e9dagogique a \u00e9t\u00e9 cr\u00e9\u00e9e le 17 mars 2018. Elle est compos\u00e9e de l&rsquo;ensemble des formateurs de l&rsquo;association, du pr\u00e9sident C.F.S. 72 ou de son repr\u00e9sentant et du m\u00e9decin r\u00e9f\u00e9rent. Elle a pour mission : gestion [&hellip;]<\/p>\n","protected":false},"author":2,"featured_media":0,"parent":0,"menu_order":0,"comment_status":"closed","ping_status":"closed","template":"","meta":{"footnotes":""},"class_list":["post-76","page","type-page","status-publish","hentry","post"],"_links":{"self":[{"href":"https:\/\/cfs72.fr\/index.php\/wp-json\/wp\/v2\/pages\/76","targetHints":{"allow":["GET"]}}],"collection":[{"href":"https:\/\/cfs72.fr\/index.php\/wp-json\/wp\/v2\/pages"}],"about":[{"href":"https:\/\/cfs72.fr\/index.php\/wp-json\/wp\/v2\/types\/page"}],"author":[{"embeddable":true,"href":"https:\/\/cfs72.fr\/index.php\/wp-json\/wp\/v2\/users\/2"}],"replies":[{"embeddable":true,"href":"https:\/\/cfs72.fr\/index.php\/wp-json\/wp\/v2\/comments?post=76"}],"version-history":[{"count":5,"href":"https:\/\/cfs72.fr\/index.php\/wp-json\/wp\/v2\/pages\/76\/revisions"}],"predecessor-version":[{"id":448,"href":"https:\/\/cfs72.fr\/index.php\/wp-json\/wp\/v2\/pages\/76\/revisions\/448"}],"wp:attachment":[{"href":"https:\/\/cfs72.fr\/index.php\/wp-json\/wp\/v2\/media?parent=76"}],"curies":[{"name":"wp","href":"https:\/\/api.w.org\/{rel}","templated":true}]}}