{"id":91,"date":"2018-12-24T13:59:39","date_gmt":"2018-12-24T12:59:39","guid":{"rendered":"http:\/\/cfs72.fr\/?page_id=91"},"modified":"2025-04-17T22:12:51","modified_gmt":"2025-04-17T20:12:51","slug":"notre-association","status":"publish","type":"page","link":"https:\/\/cfs72.fr\/index.php\/notre-association\/","title":{"rendered":"Notre association"},"content":{"rendered":"<div id=\"pl-91\" class=\"panel-layout\">\n<div id=\"pg-91-0\" class=\"panel-grid panel-no-style\" data-ratio=\"1\" data-ratio-direction=\"right\">\n<div id=\"pgc-91-0-0\" class=\"panel-grid-cell\" data-weight=\"1\">\n<div id=\"panel-91-0-0-0\" class=\"so-panel widget widget_text panel-first-child panel-last-child\" data-index=\"0\" data-style=\"{&quot;background_image_attachment&quot;:false,&quot;background_display&quot;:&quot;tile&quot;}\">\n<div class=\"textwidget\">\n<table>\n<tbody>\n<tr>\n<td class=\"horizontal-align: center;\" colspan=\"3\">\n<h4>Le \u00ab\u00a0Centre Fran\u00e7ais de Secourisme de la Sarthe\u00a0\u00bb est une association de s\u00e9curit\u00e9 civile. Cr\u00e9\u00e9 le 4 septembre 2013, il intervient\u00a0 dans les domaines suivants en France et exceptionnellement \u00e0 l\u2019\u00e9tranger : les missions de secourisme, d\u2019urgence et de s\u00e9curit\u00e9 civile (op\u00e9rations de secours, soutien aux populations sinistr\u00e9es, dispositifs pr\u00e9visionnels de secours, urgence sociale), la formation au secourisme.<\/h4>\n<\/td>\n<\/tr>\n<\/tbody>\n<\/table>\n<\/div>\n<\/div>\n<\/div>\n<\/div>\n<div id=\"pg-91-1\" class=\"panel-grid panel-no-style\">\n<div id=\"pgc-91-1-0\" class=\"panel-grid-cell\" data-weight=\"0.5\">\n<div id=\"panel-91-1-0-0\" class=\"so-panel widget widget_media_image panel-first-child panel-last-child\" data-index=\"1\" data-style=\"{&quot;background_image_attachment&quot;:false,&quot;background_display&quot;:&quot;tile&quot;}\"><img loading=\"lazy\" decoding=\"async\" class=\"aligncenter wp-image-512 size-large\" src=\"http:\/\/cfs72.fr\/wp-content\/uploads\/2025\/04\/WhatsApp-Image-2025-04-16-a-17.06.07_7a2343f1-768x1024.jpg\" alt=\"\" width=\"720\" height=\"960\" srcset=\"https:\/\/cfs72.fr\/wp-content\/uploads\/2025\/04\/WhatsApp-Image-2025-04-16-a-17.06.07_7a2343f1-768x1024.jpg 768w, https:\/\/cfs72.fr\/wp-content\/uploads\/2025\/04\/WhatsApp-Image-2025-04-16-a-17.06.07_7a2343f1-225x300.jpg 225w, https:\/\/cfs72.fr\/wp-content\/uploads\/2025\/04\/WhatsApp-Image-2025-04-16-a-17.06.07_7a2343f1-1152x1536.jpg 1152w, https:\/\/cfs72.fr\/wp-content\/uploads\/2025\/04\/WhatsApp-Image-2025-04-16-a-17.06.07_7a2343f1.jpg 1200w\" sizes=\"auto, (max-width: 720px) 100vw, 720px\" \/><\/div>\n<\/div>\n<div id=\"pgc-91-1-1\" class=\"panel-grid-cell\" data-weight=\"0.5\">\n<div id=\"panel-91-1-1-0\" class=\"so-panel widget widget_text panel-first-child panel-last-child\" data-index=\"2\" data-style=\"{&quot;widget_css&quot;:&quot;text-align: justify;\\n&quot;,&quot;mobile_css&quot;:&quot;text-align: justify;\\n&quot;,&quot;background_image_attachment&quot;:false,&quot;background_display&quot;:&quot;tile&quot;}\">\n<div class=\"panel-widget-style panel-widget-style-for-91-1-1-0\">\n<div class=\"textwidget\">\n<h4>Actuellement, il compte 23 membres b\u00e9n\u00e9voles, qui r\u00e9alisent une cinquantaine de dispositifs de secours dans l\u2019ann\u00e9e : encadrement d\u2019activit\u00e9s sportives (24h Auto, courses de roller, cross, Grand Prix Moto, \u2026) et d\u2019\u00e9v\u00e8nements culturelles (comice agricole, soir\u00e9e \u00e9tudiante, \u2026).<\/h4>\n<h4>Une \u00e9quipe p\u00e9dagogique constitu\u00e9e d\u2019un m\u00e9decin urgentiste, d\u2019un formateur de formateurs et de cinq formateurs encadrent les activit\u00e9 d\u2019enseignement.<\/h4>\n<\/div>\n<\/div>\n<\/div>\n<\/div>\n<\/div>\n<div id=\"pg-91-2\" class=\"panel-grid panel-no-style\" data-style=\"{&quot;background_image_attachment&quot;:false,&quot;background_display&quot;:&quot;tile&quot;}\" data-ratio=\"1\" data-ratio-direction=\"right\">\n<div id=\"pgc-91-2-0\" class=\"panel-grid-cell\" data-weight=\"1\">\n<div id=\"panel-91-2-0-0\" class=\"so-panel widget widget_text panel-first-child panel-last-child\" data-index=\"3\" data-style=\"{&quot;widget_css&quot;:&quot;text-align: justify;\\n&quot;,&quot;mobile_css&quot;:&quot;text-align: justify;\\n&quot;,&quot;background_image_attachment&quot;:false,&quot;background_display&quot;:&quot;tile&quot;}\">\n<div class=\"panel-widget-style panel-widget-style-for-91-2-0-0\">\n<div class=\"textwidget\">\n<h4>Une \u00e9quipe p\u00e9dagogique constitu\u00e9e d\u2019un m\u00e9decin urgentiste, d\u2019un formateur de formateurs et de cinq formateurs encadrent les activit\u00e9 d\u2019enseignement.<\/h4>\n<\/div>\n<\/div>\n<\/div>\n<\/div>\n<\/div>\n<div id=\"pg-91-3\" class=\"panel-grid panel-no-style\">\n<div id=\"pgc-91-3-0\" class=\"panel-grid-cell\" data-weight=\"0.5\">\n<div id=\"panel-91-3-0-0\" class=\"so-panel widget widget_text panel-first-child panel-last-child\" data-index=\"4\" data-style=\"{&quot;widget_css&quot;:&quot;text-align: justify;\\n&quot;,&quot;mobile_css&quot;:&quot;text-align: justify;\\n&quot;,&quot;background_image_attachment&quot;:false,&quot;background_display&quot;:&quot;tile&quot;}\">\n<div class=\"panel-widget-style panel-widget-style-for-91-3-0-0\">\n<div class=\"textwidget\">\n<h4>Les b\u00e9n\u00e9voles ont \u00e0 leur disposition deux VPSP (V\u00e9hicules des Premiers Secours \u00e0 Personnes) et une VL (V\u00e9hicule Logistique), deux v\u00e9los, et du mat\u00e9riel de premiers secours : 2 lots A (\u00e9quipement complet d\u2019une ambulance), un lot B (\u00e9quipement pour un bin\u00f4me d\u2019intervention) et un lot C (\u00e9quipement pour une 2\u00e8me \u00e9quipe d\u2019intervention). Tout ce mat\u00e9riel est stock\u00e9 dans un local sur la commune de Teloch\u00e9 ; c\u2019est aussi le lieu de r\u00e9unions, d\u2019exercices, \u2026<\/h4>\n<\/div>\n<\/div>\n<\/div>\n<\/div>\n<div id=\"pgc-91-3-1\" class=\"panel-grid-cell\" data-weight=\"0.5\">\n<div id=\"panel-91-3-1-0\" class=\"so-panel widget widget_media_image panel-first-child panel-last-child\" data-index=\"5\" data-style=\"{&quot;background_image_attachment&quot;:false,&quot;background_display&quot;:&quot;tile&quot;}\"><\/div>\n<\/div>\n<\/div>\n<div id=\"pg-91-4\" class=\"panel-grid panel-no-style\" data-ratio=\"1\" data-ratio-direction=\"right\">\n<div id=\"pgc-91-4-0\" class=\"panel-grid-cell\" data-weight=\"1\">\n<div id=\"panel-91-4-0-0\" class=\"so-panel widget widget_text panel-first-child panel-last-child\" data-index=\"6\" data-style=\"{&quot;widget_css&quot;:&quot;text-align: justify;\\n&quot;,&quot;mobile_css&quot;:&quot;text-align: justify;\\n&quot;,&quot;background_image_attachment&quot;:false,&quot;background_display&quot;:&quot;tile&quot;}\">\n<div class=\"panel-widget-style panel-widget-style-for-91-4-0-0\">\n<div class=\"textwidget\">\n<h4>Le C.F.S. 72 attache une importance particuli\u00e8re aux conditions d\u2019exercices de ces membres (qualit\u00e9 du mat\u00e9riel, niveau de formations, \u2026). Vous pouvez trouver ce\u00a0<a href=\"http:\/\/cfs72.fr\/index.php\/materiel\/\">mat\u00e9riel dans la phototh\u00e8que<\/a>.<\/h4>\n<\/div>\n<\/div>\n<\/div>\n<\/div>\n<\/div>\n<\/div>\n<style type=\"text\/css\" class=\"panels-style\" data-panels-style-for-post=\"91\">@import url(http:\/\/cfs72.fr\/wp-content\/plugins\/siteorigin-panels\/css\/front-legacy.css); #pgc-91-0-0 , #pgc-91-2-0 , #pgc-91-4-0 { width:100% } #pg-91-0 , #pg-91-1 , #pg-91-2 , #pg-91-3 , #pl-91 .so-panel { margin-bottom:35px } #pg-91-0 , #pg-91-1 , #pg-91-2 , #pg-91-3 , #pg-91-4 { margin-left:-15px;margin-right:-15px } #pg-91-0 > .panel-grid-cell , #pg-91-0 > .panel-row-style > .panel-grid-cell , #pg-91-1 > .panel-grid-cell , #pg-91-1 > .panel-row-style > .panel-grid-cell , #pg-91-2 > .panel-grid-cell , #pg-91-2 > .panel-row-style > .panel-grid-cell , #pg-91-3 > .panel-grid-cell , #pg-91-3 > .panel-row-style > .panel-grid-cell , #pg-91-4 > .panel-grid-cell , #pg-91-4 > .panel-row-style > .panel-grid-cell { padding-left:15px;padding-right:15px } #pgc-91-1-0 , #pgc-91-1-1 , #pgc-91-3-0 , #pgc-91-3-1 { width:50% } #pl-91 .so-panel:last-child { margin-bottom:0px } #panel-91-1-1-0> .panel-widget-style , #panel-91-2-0-0> .panel-widget-style , #panel-91-3-0-0> .panel-widget-style , #panel-91-4-0-0> .panel-widget-style { text-align:justify } @media (max-width:780px){ #pl-91 .panel-grid-cell { float:none;width:auto } #pl-91 .panel-grid { margin-left:0;margin-right:0 } #pl-91 .panel-grid-cell { padding:0 } #pl-91 .panel-grid .panel-grid-cell-empty { display:none } #pl-91 .panel-grid .panel-grid-cell-mobile-last , #pg-91-0 > .panel-grid-cell , #pg-91-0 > .panel-row-style > .panel-grid-cell:last-child , #pg-91-1 > .panel-grid-cell , #pg-91-1 > .panel-row-style > .panel-grid-cell:last-child , #pg-91-2 > .panel-grid-cell , #pg-91-2 > .panel-row-style > .panel-grid-cell:last-child , #pg-91-3 > .panel-grid-cell , #pg-91-3 > .panel-row-style > .panel-grid-cell:last-child , #pg-91-4 > .panel-grid-cell , #pg-91-4 > .panel-row-style > .panel-grid-cell:last-child { margin-bottom:0px } #pg-91-0 > .panel-grid-cell , #pg-91-0 > .panel-row-style > .panel-grid-cell , #pg-91-1 > .panel-grid-cell , #pg-91-1 > .panel-row-style > .panel-grid-cell , #pg-91-2 > .panel-grid-cell , #pg-91-2 > .panel-row-style > .panel-grid-cell , #pg-91-3 > .panel-grid-cell , #pg-91-3 > .panel-row-style > .panel-grid-cell , #pg-91-4 > .panel-grid-cell , #pg-91-4 > .panel-row-style > .panel-grid-cell { margin-bottom:35px } #panel-91-1-1-0> .panel-widget-style , #panel-91-2-0-0> .panel-widget-style , #panel-91-3-0-0> .panel-widget-style , #panel-91-4-0-0> .panel-widget-style { text-align:justify }  } <\/style>\n","protected":false},"excerpt":{"rendered":"<p>Le \u00ab\u00a0Centre Fran\u00e7ais de Secourisme de la Sarthe\u00a0\u00bb est une association de s\u00e9curit\u00e9 civile. Cr\u00e9\u00e9 le 4 septembre 2013, il intervient\u00a0 dans les domaines suivants en France et exceptionnellement \u00e0 l\u2019\u00e9tranger : les missions de secourisme, d\u2019urgence et de [&hellip;]<\/p>\n","protected":false},"author":2,"featured_media":0,"parent":0,"menu_order":0,"comment_status":"closed","ping_status":"closed","template":"","meta":{"footnotes":""},"class_list":["post-91","page","type-page","status-publish","hentry","post"],"_links":{"self":[{"href":"https:\/\/cfs72.fr\/index.php\/wp-json\/wp\/v2\/pages\/91","targetHints":{"allow":["GET"]}}],"collection":[{"href":"https:\/\/cfs72.fr\/index.php\/wp-json\/wp\/v2\/pages"}],"about":[{"href":"https:\/\/cfs72.fr\/index.php\/wp-json\/wp\/v2\/types\/page"}],"author":[{"embeddable":true,"href":"https:\/\/cfs72.fr\/index.php\/wp-json\/wp\/v2\/users\/2"}],"replies":[{"embeddable":true,"href":"https:\/\/cfs72.fr\/index.php\/wp-json\/wp\/v2\/comments?post=91"}],"version-history":[{"count":14,"href":"https:\/\/cfs72.fr\/index.php\/wp-json\/wp\/v2\/pages\/91\/revisions"}],"predecessor-version":[{"id":519,"href":"https:\/\/cfs72.fr\/index.php\/wp-json\/wp\/v2\/pages\/91\/revisions\/519"}],"wp:attachment":[{"href":"https:\/\/cfs72.fr\/index.php\/wp-json\/wp\/v2\/media?parent=91"}],"curies":[{"name":"wp","href":"https:\/\/api.w.org\/{rel}","templated":true}]}}