{"id":93,"date":"2018-12-24T14:00:02","date_gmt":"2018-12-24T13:00:02","guid":{"rendered":"http:\/\/cfs72.fr\/?page_id=93"},"modified":"2020-09-20T12:16:47","modified_gmt":"2020-09-20T10:16:47","slug":"psc1","status":"publish","type":"page","link":"https:\/\/cfs72.fr\/index.php\/psc1\/","title":{"rendered":"PSC1"},"content":{"rendered":"<div id=\"pl-93\"  class=\"panel-layout\" >\n<div id=\"pg-93-0\"  class=\"panel-grid panel-no-style\"  data-style=\"{&quot;background_image_attachment&quot;:false,&quot;background_display&quot;:&quot;tile&quot;}\"  data-ratio=\"1\"  data-ratio-direction=\"right\" >\n<div id=\"pgc-93-0-0\"  class=\"panel-grid-cell\"  data-weight=\"1\" >\n<div id=\"panel-93-0-0-0\" class=\"so-panel widget widget_text panel-first-child panel-last-child\" data-index=\"0\" data-style=\"{&quot;widget_css&quot;:&quot;text-align: center;\\nfont-size: x-large;&quot;,&quot;mobile_css&quot;:&quot;text-align: center;\\nfont-size: x-large;&quot;,&quot;background_image_attachment&quot;:false,&quot;background_display&quot;:&quot;tile&quot;}\" >\n<div class=\"panel-widget-style panel-widget-style-for-93-0-0-0\" >\n<div class=\"textwidget\">\n<p><strong>PSC1<\/strong><\/p>\n<\/div><\/div>\n<\/div>\n<\/div>\n<\/div>\n<div id=\"pg-93-1\"  class=\"panel-grid panel-no-style\" >\n<div id=\"pgc-93-1-0\"  class=\"panel-grid-cell\"  data-weight=\"1\" >\n<div id=\"panel-93-1-0-0\" class=\"so-panel widget widget_sow-editor panel-first-child panel-last-child\" data-index=\"1\" data-style=\"{&quot;widget_css&quot;:&quot;text-align: justify;\\n&quot;,&quot;mobile_css&quot;:&quot;text-align: justify;\\n&quot;,&quot;background_image_attachment&quot;:false,&quot;background_display&quot;:&quot;tile&quot;}\" >\n<div class=\"panel-widget-style panel-widget-style-for-93-1-0-0\" >\n<div class=\"so-widget-sow-editor so-widget-sow-editor-base\">\n<div class=\"siteorigin-widget-tinymce textwidget\">\n<h3>Si vous \u00eates int\u00e9ress\u00e9 par le secourisme, nous proposons des formations (7h) \u00e0 destination du grand public : <a href=\"http:\/\/127.0.0.1\/psc1\/\">P.S.C. 1<\/a> (Pr\u00e9vention et Secours Civique de niveau 1). D\u00e8s 16 ans, vous pouvez rejoindre notre \u00e9quipe de b\u00e9n\u00e9voles et participer \u00e0 nos actions de secours. Nous assurons votre formation initiale pour les missions de premiers secours et les formations continues annuelles : <a href=\"http:\/\/127.0.0.1\/pse1\/\">P.S.E. 1 (Premiers Secours en Equipe niveau 1)<\/a>, <a href=\"http:\/\/127.0.0.1\/pse2\/\">P.S.E. 2 (Premiers Secours en Equipe niveau 2)<\/a>. Lors de vos premi\u00e8res missions, vous travaillerez avec une \u00e9quipe exp\u00e9riment\u00e9e et fort sympathique. Pour les personnes int\u00e9ress\u00e9es par les actions de p\u00e9dagogie, nous vous proposons \u00e9galement des activit\u00e9s d&rsquo;enseignement \u00e0 destination de nos futurs formateurs.<\/h3>\n<h3 style=\"text-align: center;\">Pour plus d&rsquo;informations n&rsquo;h\u00e9sitez pas \u00e0 nous contacter\u00a0<a href=\"http:\/\/cfs72.fr\/index.php\/demande-formation\/\">ici.<\/a><\/h3>\n<p><img loading=\"lazy\" decoding=\"async\" class=\"wp-image-460 aligncenter\" src=\"http:\/\/127.0.0.1\/wp-content\/uploads\/2018\/12\/47345238_1968933993191680_2088810099769344_o-300x225.jpg\" alt=\"\" width=\"520\" height=\"390\" \/><\/p>\n<\/div>\n<\/div>\n<\/div>\n<\/div>\n<\/div>\n<\/div>\n<\/div>\n<style type=\"text\/css\" class=\"panels-style\" data-panels-style-for-post=\"93\">@import url(http:\/\/cfs72.fr\/wp-content\/plugins\/siteorigin-panels\/css\/front-legacy.css); #pgc-93-0-0 , #pgc-93-1-0 { width:100% } #pg-93-0 , #pl-93 .so-panel { margin-bottom:35px } #pg-93-0 , #pg-93-1 { margin-left:-15px;margin-right:-15px } #pg-93-0 > .panel-grid-cell , #pg-93-0 > .panel-row-style > .panel-grid-cell , #pg-93-1 > .panel-grid-cell , #pg-93-1 > .panel-row-style > .panel-grid-cell { padding-left:15px;padding-right:15px } #pl-93 .so-panel:last-child { margin-bottom:0px } #panel-93-0-0-0> .panel-widget-style { text-align:center;font-size:x-large } #panel-93-1-0-0> .panel-widget-style { text-align:justify } @media (max-width:780px){ #pl-93 .panel-grid-cell { float:none;width:auto } #pl-93 .panel-grid { margin-left:0;margin-right:0 } #pl-93 .panel-grid-cell { padding:0 } #pl-93 .panel-grid .panel-grid-cell-empty { display:none } #pl-93 .panel-grid .panel-grid-cell-mobile-last , #pg-93-0 > .panel-grid-cell , #pg-93-0 > .panel-row-style > .panel-grid-cell:last-child , #pg-93-1 > .panel-grid-cell , #pg-93-1 > .panel-row-style > .panel-grid-cell:last-child { margin-bottom:0px } #pg-93-0 > .panel-grid-cell , #pg-93-0 > .panel-row-style > .panel-grid-cell , #pg-93-1 > .panel-grid-cell , #pg-93-1 > .panel-row-style > .panel-grid-cell { margin-bottom:35px } #panel-93-0-0-0> .panel-widget-style { text-align:center;font-size:x-large } #panel-93-1-0-0> .panel-widget-style { text-align:justify }  } <\/style>\n","protected":false},"excerpt":{"rendered":"<p>PSC1 Si vous \u00eates int\u00e9ress\u00e9 par le secourisme, nous proposons des formations (7h) \u00e0 destination du grand public : P.S.C. 1 (Pr\u00e9vention et Secours Civique de niveau 1). D\u00e8s 16 ans, vous pouvez rejoindre notre \u00e9quipe de b\u00e9n\u00e9voles et [&hellip;]<\/p>\n","protected":false},"author":2,"featured_media":0,"parent":0,"menu_order":0,"comment_status":"closed","ping_status":"closed","template":"","meta":{"footnotes":""},"class_list":["post-93","page","type-page","status-publish","hentry","post"],"_links":{"self":[{"href":"https:\/\/cfs72.fr\/index.php\/wp-json\/wp\/v2\/pages\/93","targetHints":{"allow":["GET"]}}],"collection":[{"href":"https:\/\/cfs72.fr\/index.php\/wp-json\/wp\/v2\/pages"}],"about":[{"href":"https:\/\/cfs72.fr\/index.php\/wp-json\/wp\/v2\/types\/page"}],"author":[{"embeddable":true,"href":"https:\/\/cfs72.fr\/index.php\/wp-json\/wp\/v2\/users\/2"}],"replies":[{"embeddable":true,"href":"https:\/\/cfs72.fr\/index.php\/wp-json\/wp\/v2\/comments?post=93"}],"version-history":[{"count":5,"href":"https:\/\/cfs72.fr\/index.php\/wp-json\/wp\/v2\/pages\/93\/revisions"}],"predecessor-version":[{"id":455,"href":"https:\/\/cfs72.fr\/index.php\/wp-json\/wp\/v2\/pages\/93\/revisions\/455"}],"wp:attachment":[{"href":"https:\/\/cfs72.fr\/index.php\/wp-json\/wp\/v2\/media?parent=93"}],"curies":[{"name":"wp","href":"https:\/\/api.w.org\/{rel}","templated":true}]}}