{"id":97,"date":"2018-12-24T14:00:52","date_gmt":"2018-12-24T13:00:52","guid":{"rendered":"http:\/\/cfs72.fr\/?page_id=97"},"modified":"2020-09-20T12:20:02","modified_gmt":"2020-09-20T10:20:02","slug":"pse2","status":"publish","type":"page","link":"https:\/\/cfs72.fr\/index.php\/pse2\/","title":{"rendered":"PSE2"},"content":{"rendered":"<div id=\"pl-97\"  class=\"panel-layout\" >\n<div id=\"pg-97-0\"  class=\"panel-grid panel-no-style\"  data-style=\"{&quot;background_image_attachment&quot;:false,&quot;background_display&quot;:&quot;tile&quot;}\"  data-ratio=\"1\"  data-ratio-direction=\"right\" >\n<div id=\"pgc-97-0-0\"  class=\"panel-grid-cell\"  data-weight=\"1\" >\n<div id=\"panel-97-0-0-0\" class=\"so-panel widget widget_text panel-first-child panel-last-child\" data-index=\"0\" data-style=\"{&quot;widget_css&quot;:&quot;text-align: center;\\nfont-size: x-large;&quot;,&quot;mobile_css&quot;:&quot;text-align: center;\\nfont-size: x-large;&quot;,&quot;background_image_attachment&quot;:false,&quot;background_display&quot;:&quot;tile&quot;}\" >\n<div class=\"panel-widget-style panel-widget-style-for-97-0-0-0\" >\n<div class=\"textwidget\">\n<p><strong>PSE2<\/strong><\/p>\n<\/div><\/div>\n<\/div>\n<\/div>\n<\/div>\n<div id=\"pg-97-1\"  class=\"panel-grid panel-no-style\" >\n<div id=\"pgc-97-1-0\"  class=\"panel-grid-cell\"  data-weight=\"1\" >\n<div id=\"panel-97-1-0-0\" class=\"so-panel widget widget_sow-editor panel-first-child panel-last-child\" data-index=\"1\" data-style=\"{&quot;widget_css&quot;:&quot;text-align: justify;\\n&quot;,&quot;mobile_css&quot;:&quot;text-align: justify;&quot;,&quot;background_image_attachment&quot;:false,&quot;background_display&quot;:&quot;tile&quot;}\" >\n<div class=\"panel-widget-style panel-widget-style-for-97-1-0-0\" >\n<div class=\"so-widget-sow-editor so-widget-sow-editor-base\">\n<div class=\"siteorigin-widget-tinymce textwidget\">\n<h4><img loading=\"lazy\" decoding=\"async\" class=\" wp-image-118 alignleft\" src=\"http:\/\/cfs72.fr\/wp-content\/uploads\/2018\/12\/47390006_1968934013191678_7853626285199720448_o-300x225.jpg\" alt=\"\" width=\"324\" height=\"243\" srcset=\"https:\/\/cfs72.fr\/wp-content\/uploads\/2018\/12\/47390006_1968934013191678_7853626285199720448_o-300x225.jpg 300w, https:\/\/cfs72.fr\/wp-content\/uploads\/2018\/12\/47390006_1968934013191678_7853626285199720448_o-768x576.jpg 768w, https:\/\/cfs72.fr\/wp-content\/uploads\/2018\/12\/47390006_1968934013191678_7853626285199720448_o-1024x768.jpg 1024w, https:\/\/cfs72.fr\/wp-content\/uploads\/2018\/12\/47390006_1968934013191678_7853626285199720448_o.jpg 1944w\" sizes=\"auto, (max-width: 324px) 100vw, 324px\" \/><a href=\"http:\/\/127.0.0.1\/pse2\/\">La formation P.S.E. 2<\/a> est fix\u00e9e \u00e0 une dur\u00e9e de 28h. En plus des comp\u00e9tences acquises pendant la formation du <a href=\"http:\/\/127.0.0.1\/pse1\/\">P.S.E. 1<\/a>, le secouriste sera capable de prendre en charge une personne pr\u00e9sentant une affection sp\u00e9cifique, une aggravation de sa maladie, une souffrance psychique ou un comportement inhabituelle, victime d&rsquo;une atteinte circonstancielle. Il assurera aussi au sein d&rsquo;une \u00e9quipe l&rsquo;immobilisation, totale ou partielle,\u00a0 d&rsquo;une personne victime d&rsquo;un traumatisme du squelette. Il est bien s\u00fbr capable de relever et de brancarder une personne en vue de son transport, puis de coordonner les actions\u00a0de secours conduites au sein d&rsquo;une \u00e9quipe.<\/h4>\n<p>&nbsp;<\/p>\n<p>&nbsp;<\/p>\n<h3 style=\"text-align: center;\">Pour plus d&rsquo;informations n&rsquo;h\u00e9sitez pas \u00e0 nous contacter\u00a0<a href=\"http:\/\/cfs72.fr\/index.php\/demande-formation\/\">ici.<\/a><\/h3>\n<\/div>\n<\/div>\n<\/div>\n<\/div>\n<\/div>\n<\/div>\n<\/div>\n<style type=\"text\/css\" class=\"panels-style\" data-panels-style-for-post=\"97\">@import url(http:\/\/cfs72.fr\/wp-content\/plugins\/siteorigin-panels\/css\/front-legacy.css); #pgc-97-0-0 , #pgc-97-1-0 { width:100% } #pg-97-0 , #pl-97 .so-panel { margin-bottom:35px } #pg-97-0 , #pg-97-1 { margin-left:-15px;margin-right:-15px } #pg-97-0 > .panel-grid-cell , #pg-97-0 > .panel-row-style > .panel-grid-cell , #pg-97-1 > .panel-grid-cell , #pg-97-1 > .panel-row-style > .panel-grid-cell { padding-left:15px;padding-right:15px } #pl-97 .so-panel:last-child { margin-bottom:0px } #panel-97-0-0-0> .panel-widget-style { text-align:center;font-size:x-large } #panel-97-1-0-0> .panel-widget-style { text-align:justify } @media (max-width:780px){ #pl-97 .panel-grid-cell { float:none;width:auto } #pl-97 .panel-grid { margin-left:0;margin-right:0 } #pl-97 .panel-grid-cell { padding:0 } #pl-97 .panel-grid .panel-grid-cell-empty { display:none } #pl-97 .panel-grid .panel-grid-cell-mobile-last , #pg-97-0 > .panel-grid-cell , #pg-97-0 > .panel-row-style > .panel-grid-cell:last-child , #pg-97-1 > .panel-grid-cell , #pg-97-1 > .panel-row-style > .panel-grid-cell:last-child { margin-bottom:0px } #pg-97-0 > .panel-grid-cell , #pg-97-0 > .panel-row-style > .panel-grid-cell , #pg-97-1 > .panel-grid-cell , #pg-97-1 > .panel-row-style > .panel-grid-cell { margin-bottom:35px } #panel-97-0-0-0> .panel-widget-style { text-align:center;font-size:x-large } #panel-97-1-0-0> .panel-widget-style { text-align:justify }  } <\/style>\n","protected":false},"excerpt":{"rendered":"<p>PSE2 La formation P.S.E. 2 est fix\u00e9e \u00e0 une dur\u00e9e de 28h. En plus des comp\u00e9tences acquises pendant la formation du P.S.E. 1, le secouriste sera capable de prendre en charge une personne pr\u00e9sentant une affection sp\u00e9cifique, une aggravation [&hellip;]<\/p>\n","protected":false},"author":2,"featured_media":0,"parent":0,"menu_order":0,"comment_status":"closed","ping_status":"closed","template":"","meta":{"footnotes":""},"class_list":["post-97","page","type-page","status-publish","hentry","post"],"_links":{"self":[{"href":"https:\/\/cfs72.fr\/index.php\/wp-json\/wp\/v2\/pages\/97","targetHints":{"allow":["GET"]}}],"collection":[{"href":"https:\/\/cfs72.fr\/index.php\/wp-json\/wp\/v2\/pages"}],"about":[{"href":"https:\/\/cfs72.fr\/index.php\/wp-json\/wp\/v2\/types\/page"}],"author":[{"embeddable":true,"href":"https:\/\/cfs72.fr\/index.php\/wp-json\/wp\/v2\/users\/2"}],"replies":[{"embeddable":true,"href":"https:\/\/cfs72.fr\/index.php\/wp-json\/wp\/v2\/comments?post=97"}],"version-history":[{"count":7,"href":"https:\/\/cfs72.fr\/index.php\/wp-json\/wp\/v2\/pages\/97\/revisions"}],"predecessor-version":[{"id":458,"href":"https:\/\/cfs72.fr\/index.php\/wp-json\/wp\/v2\/pages\/97\/revisions\/458"}],"wp:attachment":[{"href":"https:\/\/cfs72.fr\/index.php\/wp-json\/wp\/v2\/media?parent=97"}],"curies":[{"name":"wp","href":"https:\/\/api.w.org\/{rel}","templated":true}]}}